{"id":3767,"date":"2024-07-30T20:46:53","date_gmt":"2024-07-30T18:46:53","guid":{"rendered":"https:\/\/dmc-cz.com\/quality-policy\/"},"modified":"2025-05-06T13:46:00","modified_gmt":"2025-05-06T11:46:00","slug":"quality-policy","status":"publish","type":"page","link":"https:\/\/dmc-cz.com\/en\/quality-policy\/","title":{"rendered":"Quality policy"},"content":{"rendered":"","protected":false},"excerpt":{"rendered":"","protected":false},"author":1,"featured_media":0,"parent":0,"menu_order":0,"comment_status":"closed","ping_status":"closed","template":"template-privacy.php","meta":{"inline_featured_image":false},"yoast_head":"<!-- This site is optimized with the Yoast SEO plugin v18.9 - https:\/\/yoast.com\/wordpress\/plugins\/seo\/ -->\n<title>Quality policy | DMC management consulting<\/title>\n<meta name=\"description\" content=\"Quality policy - DMC management consulting\" \/>\n<meta name=\"robots\" content=\"index, follow, max-snippet:-1, max-image-preview:large, max-video-preview:-1\" \/>\n<link rel=\"canonical\" href=\"https:\/\/dmc-cz.com\/en\/quality-policy\/\" \/>\n<meta property=\"og:locale\" content=\"en_US\" \/>\n<meta property=\"og:type\" content=\"article\" \/>\n<meta property=\"og:title\" content=\"Quality policy | DMC management consulting\" \/>\n<meta property=\"og:description\" content=\"Quality policy - DMC management consulting\" \/>\n<meta property=\"og:url\" content=\"https:\/\/dmc-cz.com\/en\/quality-policy\/\" \/>\n<meta property=\"og:site_name\" content=\"DMC management consulting\" \/>\n<meta property=\"article:modified_time\" content=\"2025-05-06T11:46:00+00:00\" \/>\n<meta name=\"twitter:card\" content=\"summary_large_image\" \/>\n<script type=\"application\/ld+json\" class=\"yoast-schema-graph\">{\"@context\":\"https:\/\/schema.org\",\"@graph\":[{\"@type\":\"Organization\",\"@id\":\"https:\/\/dmc-cz.com\/#organization\",\"name\":\"DMC management consulting\",\"url\":\"https:\/\/dmc-cz.com\/\",\"sameAs\":[],\"logo\":{\"@type\":\"ImageObject\",\"inLanguage\":\"en-US\",\"@id\":\"https:\/\/dmc-cz.com\/#\/schema\/logo\/image\/\",\"url\":\"https:\/\/dmc-cz.com\/wp-content\/uploads\/2024\/04\/purple-logo.svg\",\"contentUrl\":\"https:\/\/dmc-cz.com\/wp-content\/uploads\/2024\/04\/purple-logo.svg\",\"caption\":\"DMC management consulting\"},\"image\":{\"@id\":\"https:\/\/dmc-cz.com\/#\/schema\/logo\/image\/\"}},{\"@type\":\"WebSite\",\"@id\":\"https:\/\/dmc-cz.com\/#website\",\"url\":\"https:\/\/dmc-cz.com\/\",\"name\":\"DMC management consulting\",\"description\":\"Vzd\u011bl\u00e1v\u00e1n\u00ed a rozvoj zam\u011bstnanc\u016f\",\"publisher\":{\"@id\":\"https:\/\/dmc-cz.com\/#organization\"},\"potentialAction\":[{\"@type\":\"SearchAction\",\"target\":{\"@type\":\"EntryPoint\",\"urlTemplate\":\"https:\/\/dmc-cz.com\/?s={search_term_string}\"},\"query-input\":\"required name=search_term_string\"}],\"inLanguage\":\"en-US\"},{\"@type\":\"WebPage\",\"@id\":\"https:\/\/dmc-cz.com\/en\/quality-policy\/#webpage\",\"url\":\"https:\/\/dmc-cz.com\/en\/quality-policy\/\",\"name\":\"Quality policy | DMC management consulting\",\"isPartOf\":{\"@id\":\"https:\/\/dmc-cz.com\/#website\"},\"datePublished\":\"2024-07-30T18:46:53+00:00\",\"dateModified\":\"2025-05-06T11:46:00+00:00\",\"description\":\"Quality policy - DMC management consulting\",\"breadcrumb\":{\"@id\":\"https:\/\/dmc-cz.com\/en\/quality-policy\/#breadcrumb\"},\"inLanguage\":\"en-US\",\"potentialAction\":[{\"@type\":\"ReadAction\",\"target\":[\"https:\/\/dmc-cz.com\/en\/quality-policy\/\"]}]},{\"@type\":\"BreadcrumbList\",\"@id\":\"https:\/\/dmc-cz.com\/en\/quality-policy\/#breadcrumb\",\"itemListElement\":[{\"@type\":\"ListItem\",\"position\":1,\"name\":\"Home\",\"item\":\"https:\/\/dmc-cz.com\/en\/\"},{\"@type\":\"ListItem\",\"position\":2,\"name\":\"Quality policy\"}]}]}<\/script>\n<!-- \/ Yoast SEO plugin. -->","yoast_head_json":{"title":"Quality policy | DMC management consulting","description":"Quality policy - DMC management consulting","robots":{"index":"index","follow":"follow","max-snippet":"max-snippet:-1","max-image-preview":"max-image-preview:large","max-video-preview":"max-video-preview:-1"},"canonical":"https:\/\/dmc-cz.com\/en\/quality-policy\/","og_locale":"en_US","og_type":"article","og_title":"Quality policy | DMC management consulting","og_description":"Quality policy - DMC management consulting","og_url":"https:\/\/dmc-cz.com\/en\/quality-policy\/","og_site_name":"DMC management consulting","article_modified_time":"2025-05-06T11:46:00+00:00","twitter_card":"summary_large_image","schema":{"@context":"https:\/\/schema.org","@graph":[{"@type":"Organization","@id":"https:\/\/dmc-cz.com\/#organization","name":"DMC management consulting","url":"https:\/\/dmc-cz.com\/","sameAs":[],"logo":{"@type":"ImageObject","inLanguage":"en-US","@id":"https:\/\/dmc-cz.com\/#\/schema\/logo\/image\/","url":"https:\/\/dmc-cz.com\/wp-content\/uploads\/2024\/04\/purple-logo.svg","contentUrl":"https:\/\/dmc-cz.com\/wp-content\/uploads\/2024\/04\/purple-logo.svg","caption":"DMC management consulting"},"image":{"@id":"https:\/\/dmc-cz.com\/#\/schema\/logo\/image\/"}},{"@type":"WebSite","@id":"https:\/\/dmc-cz.com\/#website","url":"https:\/\/dmc-cz.com\/","name":"DMC management consulting","description":"Vzd\u011bl\u00e1v\u00e1n\u00ed a rozvoj zam\u011bstnanc\u016f","publisher":{"@id":"https:\/\/dmc-cz.com\/#organization"},"potentialAction":[{"@type":"SearchAction","target":{"@type":"EntryPoint","urlTemplate":"https:\/\/dmc-cz.com\/?s={search_term_string}"},"query-input":"required name=search_term_string"}],"inLanguage":"en-US"},{"@type":"WebPage","@id":"https:\/\/dmc-cz.com\/en\/quality-policy\/#webpage","url":"https:\/\/dmc-cz.com\/en\/quality-policy\/","name":"Quality policy | DMC management consulting","isPartOf":{"@id":"https:\/\/dmc-cz.com\/#website"},"datePublished":"2024-07-30T18:46:53+00:00","dateModified":"2025-05-06T11:46:00+00:00","description":"Quality policy - DMC management consulting","breadcrumb":{"@id":"https:\/\/dmc-cz.com\/en\/quality-policy\/#breadcrumb"},"inLanguage":"en-US","potentialAction":[{"@type":"ReadAction","target":["https:\/\/dmc-cz.com\/en\/quality-policy\/"]}]},{"@type":"BreadcrumbList","@id":"https:\/\/dmc-cz.com\/en\/quality-policy\/#breadcrumb","itemListElement":[{"@type":"ListItem","position":1,"name":"Home","item":"https:\/\/dmc-cz.com\/en\/"},{"@type":"ListItem","position":2,"name":"Quality policy"}]}]}},"_links":{"self":[{"href":"https:\/\/dmc-cz.com\/en\/wp-json\/wp\/v2\/pages\/3767"}],"collection":[{"href":"https:\/\/dmc-cz.com\/en\/wp-json\/wp\/v2\/pages"}],"about":[{"href":"https:\/\/dmc-cz.com\/en\/wp-json\/wp\/v2\/types\/page"}],"author":[{"embeddable":true,"href":"https:\/\/dmc-cz.com\/en\/wp-json\/wp\/v2\/users\/1"}],"replies":[{"embeddable":true,"href":"https:\/\/dmc-cz.com\/en\/wp-json\/wp\/v2\/comments?post=3767"}],"version-history":[{"count":3,"href":"https:\/\/dmc-cz.com\/en\/wp-json\/wp\/v2\/pages\/3767\/revisions"}],"predecessor-version":[{"id":4025,"href":"https:\/\/dmc-cz.com\/en\/wp-json\/wp\/v2\/pages\/3767\/revisions\/4025"}],"wp:attachment":[{"href":"https:\/\/dmc-cz.com\/en\/wp-json\/wp\/v2\/media?parent=3767"}],"curies":[{"name":"wp","href":"https:\/\/api.w.org\/{rel}","templated":true}]}}